{"id":758,"date":"2020-05-07T08:36:01","date_gmt":"2020-05-07T08:36:01","guid":{"rendered":"https:\/\/bankerbag.drmwebsites.com\/?page_id=758"},"modified":"2020-09-15T19:46:08","modified_gmt":"2020-09-15T19:46:08","slug":"pagina-de-faq","status":"publish","type":"page","link":"https:\/\/bankerbags.com\/es\/pagina-de-faq\/","title":{"rendered":"FAQ"},"content":{"rendered":"<h4>\u00bfC\u00f3mo ordeno mi BankerBag?<\/h4>\n<p>La manera m\u00e1s f\u00e1cil es <a href=\"https:\/\/bankerbags.com\/es\/contact-us\/\" target=\"_blank\" rel=\"noopener noreferrer\">contactarnos en l\u00ednea o llamarnos<\/a>. Un representante de cuenta experimentado lo guiar\u00e1 por el proceso.<\/p>\n<p>Cuando nos contacte, por favor incluya la mayor cantidad de detalles: estilo de bolsa, color, cantidad, fecha de entrega y direcci\u00f3n de env\u00edo.<\/p>\n<h4>\u00bfHay una cantidad m\u00ednima para poder ordenar?<\/h4>\n<p>S\u00ed, la cantidad m\u00ednima es 50 bolsas.<\/p>\n<h4>\u00bfCu\u00e1l es el tiempo de producci\u00f3n promedio?<\/h4>\n<p>Nuestro tiempo est\u00e1ndar es de 5 a 6 semanas desde que aprueba la orden hasta recibir las bolsas.<\/p>\n<h4>\u00bfPueden hacer una orden urgente?<\/h4>\n<p>Por lo general podemos hacerla, siempre que hayamos recibido todo el arte y aprobaciones necesarios. La producci\u00f3n urgente es de 4 a 5 semanas y se cobra un recargo y env\u00edo urgente. Por favor contacte a su representante de cuenta para m\u00e1s detalles y cambios relacionados con este servicio.<\/p>\n<h4>\u00bfC\u00f3mo me env\u00edan las bolsas?<\/h4>\n<p>Las bolsas se pliegan y se empaquetan para un env\u00edo eficiente. El peso variar\u00e1 por cada estilo y tela. Por favor consulte con su representante de cuenta acerca de pedidos especiales de empaquetado.<\/p>\n<h4>\u00bfCu\u00e1les son los costos de env\u00edo?<\/h4>\n<p>Los costos de env\u00edo var\u00edan de acuerdo con el tama\u00f1o y peso de las bolsas, su ubicaci\u00f3n y el tipo de servicio. Por favor cont\u00e1ctenos para una cotizaci\u00f3n.<\/p>\n<h4>\u00bfRealizan env\u00edos directos?<\/h4>\n<p>S\u00ed, realizamos env\u00edos directos a ubicaciones en los EE.UU. y en el resto del mundo. Por favor consulte los precios de env\u00edo y confecci\u00f3n en base a su pedido espec\u00edfico.<\/p>\n<h4>\u00bfSe puede a\u00f1adir personalizaci\u00f3n a un pedido de bolsos?<\/h4>\n<p>S\u00ed, podemos personalizar cada bolso adem\u00e1s de su registro. Por favor, hable con el representante de su cuenta para conocer los precios.<\/p>\n<h4>\u00bfEs posible ordenar una bolsa a medida?<\/h4>\n<p>S\u00ed. Podemos personalizar el tama\u00f1o de una bolsa de tela o de lona, y tambi\u00e9n podemos ofrecer caracter\u00edsticas adicionales. Por favor ll\u00e1menos por caracter\u00edsticas opcionales.<\/p>\n<h4>\u00bfEn qu\u00e9 formato deber\u00eda enviar mi logo al hacer la orden?<\/h4>\n<h6>Pautas de arte de logo<\/h6>\n<p>Requerimos arte en vectores: Archivos AI, SVG, EPS. Por favor convertir todas las fuentes a contornos.<\/p>\n<p>No enviar en el formato solicitado puede demorar la producci\u00f3n. Si su archivo de arte tiene baja resoluci\u00f3n o necesita ser redibujado o reformateado, podemos brindar estos servicios con costo para ayudar a acelerar su orden.<\/p>\n<h6>Coincidencia de color Pantone\u2122<\/h6>\n<p>El sistema de igualaci\u00f3n de Pantone es un sistema universal de igualaci\u00f3n de colores que nos dice qu\u00e9 tintas y telas de color usar para igualar su(s) color(es) corporativo(s). Los n\u00fameros Pantone pueden referenciarse para tonos en \u00f3rdenes grandes, pero no pueden garantizarse las coincidencias exactas. Para m\u00e1s informaci\u00f3n sobre colores Pantone, visite <a href=\"http:\/\/www.pantone.com\" target=\"_blank\" rel=\"noopener noreferrer\">www.pantone.com<\/a>.<\/p>\n<h4>\u00bfC\u00f3mo apruebo mi orden?<\/h4>\n<p>Se requieren pruebas electr\u00f3nicas para todas las \u00f3rdenes para su aprobaci\u00f3n firmada. Si se necesitan muestras se requieren 1-2 semanas adem\u00e1s del tiempo est\u00e1ndar y generalmente son para \u00f3rdenes grandes.<\/p>\n<h4>\u00bfCu\u00e1les son sus condiciones y opciones de pago?<\/h4>\n<p>Los nuevos clientes tendr\u00e1n que completar una solicitud de cr\u00e9dito en la primera orden o pagar con tarjeta de cr\u00e9dito o transferencia. Aceptamos Mastercard, Visa, y American Express.<\/p>\n<h4>\u00bfPuedo lavar mi BankerBag?<\/h4>\n<p>No recomendamos lavar las bolsas de lona ya que pueden encogerse y no se garantiza que los colores queden firmes. Se recomienda limpiar las manchas con detergente suave y agua.<\/p>\n","protected":false},"excerpt":{"rendered":"\u00bfC\u00f3mo ordeno mi BankerBag? La manera m\u00e1s f\u00e1cil es contactarnos en l\u00ednea o llamarnos. Un representante de cuenta experimentado lo guiar\u00e1 por el proceso. Cuando nos contacte, por favor incluya la mayor cantidad de detalles: estilo de bolsa, color, cantidad, fecha de entrega y direcci\u00f3n de env\u00edo. \u00bfHay una cantidad m\u00ednima para poder ordenar? S\u00ed,","protected":false},"author":137,"featured_media":1298,"parent":0,"menu_order":0,"comment_status":"closed","ping_status":"closed","template":"","meta":{"_acf_changed":false,"content-type":"","inline_featured_image":false,"footnotes":""},"class_list":["post-758","page","type-page","status-publish","has-post-thumbnail","hentry"],"acf":[],"yoast_head":"<!-- This site is optimized with the Yoast SEO plugin v27.2 - https:\/\/yoast.com\/product\/yoast-seo-wordpress\/ -->\n<title>FAQ - BankerBags<\/title>\n<meta name=\"robots\" content=\"index, follow, max-snippet:-1, max-image-preview:large, max-video-preview:-1\" \/>\n<link rel=\"canonical\" href=\"https:\/\/bankerbags.com\/es\/pagina-de-faq\/\" \/>\n<meta property=\"og:locale\" content=\"es_ES\" \/>\n<meta property=\"og:type\" content=\"article\" \/>\n<meta property=\"og:title\" content=\"FAQ - BankerBags\" \/>\n<meta property=\"og:description\" content=\"\u00bfC\u00f3mo ordeno mi BankerBag? La manera m\u00e1s f\u00e1cil es contactarnos en l\u00ednea o llamarnos. Un representante de cuenta experimentado lo guiar\u00e1 por el proceso. Cuando nos contacte, por favor incluya la mayor cantidad de detalles: estilo de bolsa, color, cantidad, fecha de entrega y direcci\u00f3n de env\u00edo. \u00bfHay una cantidad m\u00ednima para poder ordenar? S\u00ed,\" \/>\n<meta property=\"og:url\" content=\"https:\/\/bankerbags.com\/es\/pagina-de-faq\/\" \/>\n<meta property=\"og:site_name\" content=\"BankerBags\" \/>\n<meta property=\"article:modified_time\" content=\"2020-09-15T19:46:08+00:00\" \/>\n<meta property=\"og:image\" content=\"https:\/\/bankerbags.com\/wp-content\/uploads\/2020\/05\/faq.png\" \/>\n\t<meta property=\"og:image:width\" content=\"1440\" \/>\n\t<meta property=\"og:image:height\" content=\"391\" \/>\n\t<meta property=\"og:image:type\" content=\"image\/png\" \/>\n<meta name=\"twitter:card\" content=\"summary_large_image\" \/>\n<meta name=\"twitter:label1\" content=\"Tiempo de lectura\" \/>\n\t<meta name=\"twitter:data1\" content=\"3 minutos\" \/>\n<script type=\"application\/ld+json\" class=\"yoast-schema-graph\">{\"@context\":\"https:\/\/schema.org\",\"@graph\":[{\"@type\":\"WebPage\",\"@id\":\"https:\/\/bankerbags.com\/es\/pagina-de-faq\/\",\"url\":\"https:\/\/bankerbags.com\/es\/pagina-de-faq\/\",\"name\":\"FAQ - BankerBags\",\"isPartOf\":{\"@id\":\"https:\/\/bankerbags.com\/#website\"},\"primaryImageOfPage\":{\"@id\":\"https:\/\/bankerbags.com\/es\/pagina-de-faq\/#primaryimage\"},\"image\":{\"@id\":\"https:\/\/bankerbags.com\/es\/pagina-de-faq\/#primaryimage\"},\"thumbnailUrl\":\"https:\/\/bankerbags.com\/wp-content\/uploads\/2020\/05\/faq.png\",\"datePublished\":\"2020-05-07T08:36:01+00:00\",\"dateModified\":\"2020-09-15T19:46:08+00:00\",\"breadcrumb\":{\"@id\":\"https:\/\/bankerbags.com\/es\/pagina-de-faq\/#breadcrumb\"},\"inLanguage\":\"es\",\"potentialAction\":[{\"@type\":\"ReadAction\",\"target\":[\"https:\/\/bankerbags.com\/es\/pagina-de-faq\/\"]}]},{\"@type\":\"ImageObject\",\"inLanguage\":\"es\",\"@id\":\"https:\/\/bankerbags.com\/es\/pagina-de-faq\/#primaryimage\",\"url\":\"https:\/\/bankerbags.com\/wp-content\/uploads\/2020\/05\/faq.png\",\"contentUrl\":\"https:\/\/bankerbags.com\/wp-content\/uploads\/2020\/05\/faq.png\",\"width\":1440,\"height\":391,\"caption\":\"FAQ page - BankerBags Custom tote and duffel bags\"},{\"@type\":\"BreadcrumbList\",\"@id\":\"https:\/\/bankerbags.com\/es\/pagina-de-faq\/#breadcrumb\",\"itemListElement\":[{\"@type\":\"ListItem\",\"position\":1,\"name\":\"Home\",\"item\":\"https:\/\/bankerbags.com\/es\/\"},{\"@type\":\"ListItem\",\"position\":2,\"name\":\"FAQ\"}]},{\"@type\":\"WebSite\",\"@id\":\"https:\/\/bankerbags.com\/#website\",\"url\":\"https:\/\/bankerbags.com\/\",\"name\":\"BankerBags\",\"description\":\"High-quality American made canvas tote and duffel bags\",\"potentialAction\":[{\"@type\":\"SearchAction\",\"target\":{\"@type\":\"EntryPoint\",\"urlTemplate\":\"https:\/\/bankerbags.com\/?s={search_term_string}\"},\"query-input\":{\"@type\":\"PropertyValueSpecification\",\"valueRequired\":true,\"valueName\":\"search_term_string\"}}],\"inLanguage\":\"es\"}]}<\/script>\n<!-- \/ Yoast SEO plugin. -->","yoast_head_json":{"title":"FAQ - BankerBags","robots":{"index":"index","follow":"follow","max-snippet":"max-snippet:-1","max-image-preview":"max-image-preview:large","max-video-preview":"max-video-preview:-1"},"canonical":"https:\/\/bankerbags.com\/es\/pagina-de-faq\/","og_locale":"es_ES","og_type":"article","og_title":"FAQ - BankerBags","og_description":"\u00bfC\u00f3mo ordeno mi BankerBag? La manera m\u00e1s f\u00e1cil es contactarnos en l\u00ednea o llamarnos. Un representante de cuenta experimentado lo guiar\u00e1 por el proceso. Cuando nos contacte, por favor incluya la mayor cantidad de detalles: estilo de bolsa, color, cantidad, fecha de entrega y direcci\u00f3n de env\u00edo. \u00bfHay una cantidad m\u00ednima para poder ordenar? S\u00ed,","og_url":"https:\/\/bankerbags.com\/es\/pagina-de-faq\/","og_site_name":"BankerBags","article_modified_time":"2020-09-15T19:46:08+00:00","og_image":[{"width":1440,"height":391,"url":"https:\/\/bankerbags.com\/wp-content\/uploads\/2020\/05\/faq.png","type":"image\/png"}],"twitter_card":"summary_large_image","twitter_misc":{"Tiempo de lectura":"3 minutos"},"schema":{"@context":"https:\/\/schema.org","@graph":[{"@type":"WebPage","@id":"https:\/\/bankerbags.com\/es\/pagina-de-faq\/","url":"https:\/\/bankerbags.com\/es\/pagina-de-faq\/","name":"FAQ - BankerBags","isPartOf":{"@id":"https:\/\/bankerbags.com\/#website"},"primaryImageOfPage":{"@id":"https:\/\/bankerbags.com\/es\/pagina-de-faq\/#primaryimage"},"image":{"@id":"https:\/\/bankerbags.com\/es\/pagina-de-faq\/#primaryimage"},"thumbnailUrl":"https:\/\/bankerbags.com\/wp-content\/uploads\/2020\/05\/faq.png","datePublished":"2020-05-07T08:36:01+00:00","dateModified":"2020-09-15T19:46:08+00:00","breadcrumb":{"@id":"https:\/\/bankerbags.com\/es\/pagina-de-faq\/#breadcrumb"},"inLanguage":"es","potentialAction":[{"@type":"ReadAction","target":["https:\/\/bankerbags.com\/es\/pagina-de-faq\/"]}]},{"@type":"ImageObject","inLanguage":"es","@id":"https:\/\/bankerbags.com\/es\/pagina-de-faq\/#primaryimage","url":"https:\/\/bankerbags.com\/wp-content\/uploads\/2020\/05\/faq.png","contentUrl":"https:\/\/bankerbags.com\/wp-content\/uploads\/2020\/05\/faq.png","width":1440,"height":391,"caption":"FAQ page - BankerBags Custom tote and duffel bags"},{"@type":"BreadcrumbList","@id":"https:\/\/bankerbags.com\/es\/pagina-de-faq\/#breadcrumb","itemListElement":[{"@type":"ListItem","position":1,"name":"Home","item":"https:\/\/bankerbags.com\/es\/"},{"@type":"ListItem","position":2,"name":"FAQ"}]},{"@type":"WebSite","@id":"https:\/\/bankerbags.com\/#website","url":"https:\/\/bankerbags.com\/","name":"BankerBags","description":"High-quality American made canvas tote and duffel bags","potentialAction":[{"@type":"SearchAction","target":{"@type":"EntryPoint","urlTemplate":"https:\/\/bankerbags.com\/?s={search_term_string}"},"query-input":{"@type":"PropertyValueSpecification","valueRequired":true,"valueName":"search_term_string"}}],"inLanguage":"es"}]}},"_links":{"self":[{"href":"https:\/\/bankerbags.com\/es\/wp-json\/wp\/v2\/pages\/758","targetHints":{"allow":["GET"]}}],"collection":[{"href":"https:\/\/bankerbags.com\/es\/wp-json\/wp\/v2\/pages"}],"about":[{"href":"https:\/\/bankerbags.com\/es\/wp-json\/wp\/v2\/types\/page"}],"author":[{"embeddable":true,"href":"https:\/\/bankerbags.com\/es\/wp-json\/wp\/v2\/users\/137"}],"replies":[{"embeddable":true,"href":"https:\/\/bankerbags.com\/es\/wp-json\/wp\/v2\/comments?post=758"}],"version-history":[{"count":0,"href":"https:\/\/bankerbags.com\/es\/wp-json\/wp\/v2\/pages\/758\/revisions"}],"wp:featuredmedia":[{"embeddable":true,"href":"https:\/\/bankerbags.com\/es\/wp-json\/wp\/v2\/media\/1298"}],"wp:attachment":[{"href":"https:\/\/bankerbags.com\/es\/wp-json\/wp\/v2\/media?parent=758"}],"curies":[{"name":"wp","href":"https:\/\/api.w.org\/{rel}","templated":true}]}}